{"id":20,"date":"2014-11-26T20:10:57","date_gmt":"2014-11-26T20:10:57","guid":{"rendered":"http:\/\/fellerschach.lipp-bieri.ch\/?page_id=20"},"modified":"2023-07-19T10:25:42","modified_gmt":"2023-07-19T08:25:42","slug":"wer-sind-wir","status":"publish","type":"page","link":"https:\/\/fellerschach.lipp-bieri.ch\/?page_id=20","title":{"rendered":"Wer sind wir"},"content":{"rendered":"<p>Wir sind eine Gruppe von Mitarbeitern und Pensionierten der Feller AG und wir teilen unsere Begeisterung am Schachspiel.<\/p>\n<p>Unser Ziel ist einerseits, schachbegeisterten Spielerinnen und Spielern der Feller AG (vom Anf\u00e4nger bis zum Halbprofi) Spielm\u00f6glichkeiten zu bieten. Zum Andern werden Kontakte unter den Angestellten und mit unseren Pensionierten gef\u00f6rdert.<\/p>\n<p>Die Freude am k\u00f6niglichen Spiel wird nicht immer sofort entdeckt. Meistens, weil Schach als sehr ernstes Spiel wahrgenommen wird. Es sei zu kompliziert, h\u00f6ren wir auch \u00f6fters. Wir m\u00f6chten diese Vorurteile umstossen und laden Sie ein, mit uns einen Schachabend zu verbringen.<\/p>\n<p>Wir spielen jeden 2. Dienstag im Monat ab 16.30 Uhr im Sitzungszimmer<br \/>\n&#8222;CR EUR CH Horgen G10 Basel\/CH Feller&#8220; (Glashaus)<br \/>\ndirekt neben dem Personalrestaurant H\u00f6ckli.<\/p>\n<p>Melden Sie sich bei uns, der n\u00e4chste Schachabend ist bald.<\/p>\n","protected":false},"excerpt":{"rendered":"<p>Wir sind eine Gruppe von Mitarbeitern und Pensionierten der Feller AG und wir teilen unsere Begeisterung am Schachspiel. Unser Ziel ist einerseits, schachbegeisterten Spielerinnen und Spielern der Feller AG (vom Anf\u00e4nger bis zum Halbprofi) Spielm\u00f6glichkeiten zu bieten. Zum Andern werden Kontakte unter den Angestellten und mit unseren Pensionierten gef\u00f6rdert. Die Freude am k\u00f6niglichen Spiel wird &hellip; <\/p>\n<p class=\"link-more\"><a href=\"https:\/\/fellerschach.lipp-bieri.ch\/?page_id=20\" class=\"more-link\"><span class=\"screen-reader-text\">\u201eWer sind wir\u201c <\/span>weiterlesen<\/a><\/p>\n","protected":false},"author":1,"featured_media":0,"parent":0,"menu_order":1,"comment_status":"closed","ping_status":"closed","template":"","meta":{"footnotes":""},"class_list":["post-20","page","type-page","status-publish","hentry"],"_links":{"self":[{"href":"https:\/\/fellerschach.lipp-bieri.ch\/index.php?rest_route=\/wp\/v2\/pages\/20","targetHints":{"allow":["GET"]}}],"collection":[{"href":"https:\/\/fellerschach.lipp-bieri.ch\/index.php?rest_route=\/wp\/v2\/pages"}],"about":[{"href":"https:\/\/fellerschach.lipp-bieri.ch\/index.php?rest_route=\/wp\/v2\/types\/page"}],"author":[{"embeddable":true,"href":"https:\/\/fellerschach.lipp-bieri.ch\/index.php?rest_route=\/wp\/v2\/users\/1"}],"replies":[{"embeddable":true,"href":"https:\/\/fellerschach.lipp-bieri.ch\/index.php?rest_route=%2Fwp%2Fv2%2Fcomments&post=20"}],"version-history":[{"count":8,"href":"https:\/\/fellerschach.lipp-bieri.ch\/index.php?rest_route=\/wp\/v2\/pages\/20\/revisions"}],"predecessor-version":[{"id":699,"href":"https:\/\/fellerschach.lipp-bieri.ch\/index.php?rest_route=\/wp\/v2\/pages\/20\/revisions\/699"}],"wp:attachment":[{"href":"https:\/\/fellerschach.lipp-bieri.ch\/index.php?rest_route=%2Fwp%2Fv2%2Fmedia&parent=20"}],"curies":[{"name":"wp","href":"https:\/\/api.w.org\/{rel}","templated":true}]}}