{"id":9,"date":"2014-11-26T20:00:25","date_gmt":"2014-11-26T20:00:25","guid":{"rendered":"http:\/\/fellerschach.lipp-bieri.ch\/?page_id=9"},"modified":"2023-07-19T10:28:04","modified_gmt":"2023-07-19T08:28:04","slug":"willkommen","status":"publish","type":"page","link":"https:\/\/fellerschach.lipp-bieri.ch\/","title":{"rendered":"Willkommen"},"content":{"rendered":"<p>Sehr geehrte Besucher<\/p>\n<p>Wir m\u00f6chten Sie herzlich willkommen heissen.<br \/>Es freut uns, dass Sie sich f\u00fcr das k\u00f6nigliche Spiel interessieren.<\/p>\n<p><strong>Wir sind auch in VIVA ENGAGE !!!\u00a0<\/strong><\/p>\n<p>&#8211;&gt;\u00a0<a href=\"https:\/\/web.yammer.com\/main\/org\/schneider-electric.com\/groups\/eyJfdHlwZSI6Ikdyb3VwIiwiaWQiOiIxMjI0OTg1NCJ9\/all\" target=\"_blank\" rel=\"noopener noreferrer\">Link zu VivaEngage <\/a>(Nur von PC&#8217;s im Schneider Firmennetz zug\u00e4nglich)<\/p>\n\n\n<p><\/p>\n","protected":false},"excerpt":{"rendered":"<p>Sehr geehrte Besucher Wir m\u00f6chten Sie herzlich willkommen heissen.Es freut uns, dass Sie sich f\u00fcr das k\u00f6nigliche Spiel interessieren. Wir sind auch in VIVA ENGAGE !!!\u00a0 &#8211;&gt;\u00a0Link zu VivaEngage (Nur von PC&#8217;s im Schneider Firmennetz zug\u00e4nglich)<\/p>\n","protected":false},"author":1,"featured_media":0,"parent":0,"menu_order":0,"comment_status":"closed","ping_status":"closed","template":"","meta":{"footnotes":""},"class_list":["post-9","page","type-page","status-publish","hentry"],"_links":{"self":[{"href":"https:\/\/fellerschach.lipp-bieri.ch\/index.php?rest_route=\/wp\/v2\/pages\/9","targetHints":{"allow":["GET"]}}],"collection":[{"href":"https:\/\/fellerschach.lipp-bieri.ch\/index.php?rest_route=\/wp\/v2\/pages"}],"about":[{"href":"https:\/\/fellerschach.lipp-bieri.ch\/index.php?rest_route=\/wp\/v2\/types\/page"}],"author":[{"embeddable":true,"href":"https:\/\/fellerschach.lipp-bieri.ch\/index.php?rest_route=\/wp\/v2\/users\/1"}],"replies":[{"embeddable":true,"href":"https:\/\/fellerschach.lipp-bieri.ch\/index.php?rest_route=%2Fwp%2Fv2%2Fcomments&post=9"}],"version-history":[{"count":15,"href":"https:\/\/fellerschach.lipp-bieri.ch\/index.php?rest_route=\/wp\/v2\/pages\/9\/revisions"}],"predecessor-version":[{"id":701,"href":"https:\/\/fellerschach.lipp-bieri.ch\/index.php?rest_route=\/wp\/v2\/pages\/9\/revisions\/701"}],"wp:attachment":[{"href":"https:\/\/fellerschach.lipp-bieri.ch\/index.php?rest_route=%2Fwp%2Fv2%2Fmedia&parent=9"}],"curies":[{"name":"wp","href":"https:\/\/api.w.org\/{rel}","templated":true}]}}